{"id":4383,"date":"2020-03-30T12:26:31","date_gmt":"2020-03-30T12:26:31","guid":{"rendered":"https:\/\/www.vanmeenen.com\/installateur-de-gpl\/"},"modified":"2020-03-30T12:26:34","modified_gmt":"2020-03-30T12:26:34","slug":"installateur-de-gpl","status":"publish","type":"page","link":"https:\/\/www.vanmeenen.com\/fr\/installateur-de-gpl\/","title":{"rendered":"Installateur de GPL"},"content":{"rendered":"\n<h2 class=\"wp-block-heading\">Un installateur de GPL professionnel pr\u00e8s de chez vous<\/h2>\n\n<p>Une installation de GPL int\u00e9gr\u00e9e professionnellement est s\u00fbre et s\u00e9curis\u00e9e. Par cons\u00e9quent, confier l\u2019installation d\u2019une installation de GPL \u00e0 LPG Techniek Van Meenen ou \u00e0 l\u2019un de ses concessionnaires.<\/p>\n\n<p>LPG VAN MEENEN et ses concessionnaires peuvent organiser l\u2019installation d\u2019une mani\u00e8re comp\u00e9tente. Il y a certainement un installateur LPG pr\u00e8s de chez vous.<\/p>\n\n<p>Remplissez le formulaire ci-dessous et un installateur de GPL de votre r\u00e9gion vous contactera bient\u00f4t : <\/p>\n\n<p><a href=\"https:\/\/www.vanmeenen.com\/direct-prijs-aanvragen\/\">Installation de GPL de prix dans un installateur de GPL pr\u00e8s de chez vous<\/a><\/p>\n\n<h2 class=\"wp-block-heading\">Garantie totale de qualit\u00e9<\/h2>\n\n<p>Tous les concessionnaires de LPG Techniek Van Meenen vous garantissent :<\/p>\n\n<p>&#8211; que l\u2019installation de votre installation de GPL est conforme aux <strong>normes de qualit\u00e9 VM-Total,<\/strong>plus strictes que les normes l\u00e9gales existantes,<\/p>\n\n<p>&#8211; que tous les composants utilis\u00e9s pour l\u2019installation de GPL r\u00e9pondent aux normes \u00e9lev\u00e9es de qualit\u00e9 totale VM et sont \u00e9galement certifi\u00e9s R67-01.<\/p>\n\n<p>Tous les concessionnaires VM sont <strong>form\u00e9s en permanence<\/strong> et tenus au courant des nouveaux syst\u00e8mes et techniques. En cons\u00e9quence, ils ont <strong>une connaissance approfondie des produits \u00e0 jour et des comp\u00e9tences <\/strong>dans le domaine de la technologie automobile en g\u00e9n\u00e9ral et sur nos propres produits en particulier.<\/p>\n\n<p>De plus, les concessionnaires VM b\u00e9n\u00e9ficient <strong>d\u2019un soutien apr\u00e8s-vente sublime.<\/strong> Si les probl\u00e8mes ne peuvent pas \u00eatre r\u00e9solus par t\u00e9l\u00e9phone, un technicien du GPL Van Meenen viendra ou la voiture sera examin\u00e9e dans le centre de recherche du GPL Van Meenen. Ici, LPG Van Meenen garantit un service tr\u00e8s rapide.<\/p>\n\n<p>Un <strong>service rapide<\/strong> est soutenu par d\u2019excellentes performances logistiques. LPG Techniek Van Meenen a une performance de livraison \u00e0 temps de 99,8 depuis 2001. Cela signifie que 99,8 des marchandises command\u00e9es seront livr\u00e9es le lendemain jour ouvrable apr\u00e8s la commande.<\/p>\n\n<p>Les provinces de Flandre orientale, de Flandre occidentale, d\u2019Anvers, du Brabant et de l\u2019agglom\u00e9ration de Rijssel (France) servent m\u00eame dans les 2 heures de commande. Nous verzeo<\/p>\n\n<h2 class=\"wp-block-heading\">Reconnu par FPS Mobilit\u00e9 et Transport <\/h2>\n\n<figure class=\"wp-block-image size-large\"><img loading=\"lazy\" decoding=\"async\" width=\"329\" height=\"135\" src=\"https:\/\/www.vanmeenen.com\/wp-content\/uploads\/2020\/03\/logo-fod-mobiliteit.jpg\" alt=\"Mobilit&#xE9; et transport de la fonction publique f&#xE9;d&#xE9;rale\" class=\"wp-image-141\" srcset=\"https:\/\/www.vanmeenen.com\/wp-content\/uploads\/2020\/03\/logo-fod-mobiliteit.jpg 329w, https:\/\/www.vanmeenen.com\/wp-content\/uploads\/2020\/03\/logo-fod-mobiliteit-300x123.jpg 300w\" sizes=\"auto, (max-width: 329px) 100vw, 329px\" \/><\/figure>\n<p>Nos concessionnaires sont reconnus installateurs de GPL par le <a href=\"https:\/\/mobilit.belgium.be\/nl\/Resources\/publicaties\/wegvervoer\/pub_voertuigen_lpg_erkende_installateurs\">FPS Mobilit\u00e9 et Transport.<\/a> Le num\u00e9ro de reconnaissance de LPG Techniek Van Meenen bvba est <em>LPG 080<\/em>.<\/p>\n\n<h2 class=\"wp-block-heading\">Pourquoi nous choisir ?<\/h2>\n\n<p>En tant que conducteur d\u2019une voiture que nous avons convertie, vous remarquerez :<\/p>\n\n<p>&#8211; qu\u2019il n\u2019y a pas de diff\u00e9rence entre la conduite \u00e0 essence ou au GPL,<br\/>&#8211; qu\u2019aucun entretien ou ajustement suppl\u00e9mentaire n\u2019est n\u00e9cessaire et que vous pouvez donc respecter les intervalles de service d\u2019origine,<br\/>&#8211; qu\u2019il n\u2019y a pas de risque de retour de feu dans les syst\u00e8mes d\u2019injection de gaz,<br\/>&#8211; que le syst\u00e8me est imperm\u00e9able \u00e0 des facteurs environnementaux tels que la chaleur, le froid, la s\u00e9cheresse, l\u2019humidit\u00e9 et l\u2019altitude,<br\/>Pour diff\u00e9rentes marques, nous avons des r\u00e9servoirs d\u2019anneau d\u2019\u00e9conomie d\u2019espace disponibles, qui sont mont\u00e9s sur le site de la roue de secours.<\/p>\n\n<p>En plus du fait que vous \u00e9conomiserez de l\u2019argent de l\u2019entretien et de la consommation, vous le fairez \u00e9galement \u00e0 l\u2019installation. Les co\u00fbts d\u2019installation ne sont pas les prix de la concurrence. LPG Techniek Van Meenen importe directement. Parce que nous travaillons sans fournisseurs interm\u00e9diaires, vous vous sauvez toutes leurs commissions. Laissez-vous payer un devis en ligne et calculer votre avantage.<\/p>\n","protected":false},"excerpt":{"rendered":"<p>Un installateur de GPL professionnel pr\u00e8s de chez vous Une installation de GPL int\u00e9gr\u00e9e professionnellement est s\u00fbre et s\u00e9curis\u00e9e. Par cons\u00e9quent, confier l\u2019installation d\u2019une installation de GPL \u00e0 LPG Techniek Van Meenen ou \u00e0 l\u2019un de ses concessionnaires. LPG VAN MEENEN et ses concessionnaires peuvent organiser l\u2019installation d\u2019une mani\u00e8re comp\u00e9tente. Il y a certainement un &#8230; <a title=\"Installateur de GPL\" class=\"read-more\" href=\"https:\/\/www.vanmeenen.com\/fr\/installateur-de-gpl\/\" aria-label=\"En savoir plus sur Installateur de GPL\">Lire plus<\/a><\/p>\n","protected":false},"author":1,"featured_media":0,"parent":0,"menu_order":0,"comment_status":"closed","ping_status":"closed","template":"","meta":{"footnotes":""},"class_list":{"0":"post-4383","1":"page","2":"type-page","3":"status-publish","5":"infinite-scroll-item"},"yoast_head":"<!-- This site is optimized with the Yoast SEO Premium plugin v26.9 (Yoast SEO v27.3) - https:\/\/yoast.com\/product\/yoast-seo-premium-wordpress\/ -->\n<title>Installateur de GPL dans votre r\u00e9gion - prix en ligne pour l\u2019installation de GPL<\/title>\n<meta name=\"description\" content=\"Obtenez ici le prix d\u2019un installateur de GPL dans votre r\u00e9gion, reconnu FPS Mobilit\u00e9.\" \/>\n<meta name=\"robots\" content=\"index, follow, max-snippet:-1, max-image-preview:large, max-video-preview:-1\" \/>\n<link rel=\"canonical\" href=\"https:\/\/www.vanmeenen.com\/fr\/installateur-de-gpl\/\" \/>\n<meta property=\"og:locale\" content=\"fr_FR\" \/>\n<meta property=\"og:type\" content=\"article\" \/>\n<meta property=\"og:title\" content=\"Installateur de GPL\" \/>\n<meta property=\"og:description\" content=\"Obtenez ici le prix d\u2019un installateur de GPL dans votre r\u00e9gion, reconnu FPS Mobilit\u00e9.\" \/>\n<meta property=\"og:url\" content=\"https:\/\/www.vanmeenen.com\/fr\/installateur-de-gpl\/\" \/>\n<meta property=\"og:site_name\" content=\"LPG - CNG - \u26a1 Van Meenen\" \/>\n<meta property=\"article:publisher\" content=\"https:\/\/www.facebook.com\/lpgvanmeenen\/\" \/>\n<meta property=\"article:modified_time\" content=\"2020-03-30T12:26:34+00:00\" \/>\n<meta property=\"og:image\" content=\"https:\/\/www.vanmeenen.com\/wp-content\/uploads\/2020\/03\/logo-fod-mobiliteit.jpg\" \/>\n<meta name=\"twitter:card\" content=\"summary_large_image\" \/>\n<meta name=\"twitter:site\" content=\"@ivesvanmeenen\" \/>\n<meta name=\"twitter:label1\" content=\"Dur\u00e9e de lecture estim\u00e9e\" \/>\n\t<meta name=\"twitter:data1\" content=\"3 minutes\" \/>\n<script type=\"application\/ld+json\" class=\"yoast-schema-graph\">{\"@context\":\"https:\\\/\\\/schema.org\",\"@graph\":[{\"@type\":\"WebPage\",\"@id\":\"https:\\\/\\\/www.vanmeenen.com\\\/fr\\\/installateur-de-gpl\\\/\",\"url\":\"https:\\\/\\\/www.vanmeenen.com\\\/fr\\\/installateur-de-gpl\\\/\",\"name\":\"Installateur de GPL dans votre r\u00e9gion - prix en ligne pour l\u2019installation de GPL\",\"isPartOf\":{\"@id\":\"https:\\\/\\\/www.vanmeenen.com\\\/fr\\\/#website\"},\"primaryImageOfPage\":{\"@id\":\"https:\\\/\\\/www.vanmeenen.com\\\/fr\\\/installateur-de-gpl\\\/#primaryimage\"},\"image\":{\"@id\":\"https:\\\/\\\/www.vanmeenen.com\\\/fr\\\/installateur-de-gpl\\\/#primaryimage\"},\"thumbnailUrl\":\"https:\\\/\\\/www.vanmeenen.com\\\/wp-content\\\/uploads\\\/2020\\\/03\\\/logo-fod-mobiliteit.jpg\",\"datePublished\":\"2020-03-30T12:26:31+00:00\",\"dateModified\":\"2020-03-30T12:26:34+00:00\",\"description\":\"Obtenez ici le prix d\u2019un installateur de GPL dans votre r\u00e9gion, reconnu FPS Mobilit\u00e9.\",\"breadcrumb\":{\"@id\":\"https:\\\/\\\/www.vanmeenen.com\\\/fr\\\/installateur-de-gpl\\\/#breadcrumb\"},\"inLanguage\":\"fr-FR\",\"potentialAction\":[{\"@type\":\"ReadAction\",\"target\":[\"https:\\\/\\\/www.vanmeenen.com\\\/fr\\\/installateur-de-gpl\\\/\"]}]},{\"@type\":\"ImageObject\",\"inLanguage\":\"fr-FR\",\"@id\":\"https:\\\/\\\/www.vanmeenen.com\\\/fr\\\/installateur-de-gpl\\\/#primaryimage\",\"url\":\"https:\\\/\\\/www.vanmeenen.com\\\/wp-content\\\/uploads\\\/2020\\\/03\\\/logo-fod-mobiliteit.jpg\",\"contentUrl\":\"https:\\\/\\\/www.vanmeenen.com\\\/wp-content\\\/uploads\\\/2020\\\/03\\\/logo-fod-mobiliteit.jpg\"},{\"@type\":\"BreadcrumbList\",\"@id\":\"https:\\\/\\\/www.vanmeenen.com\\\/fr\\\/installateur-de-gpl\\\/#breadcrumb\",\"itemListElement\":[{\"@type\":\"ListItem\",\"position\":1,\"name\":\"Home\",\"item\":\"https:\\\/\\\/www.vanmeenen.com\\\/fr\\\/\"},{\"@type\":\"ListItem\",\"position\":2,\"name\":\"Installateur de GPL\"}]},{\"@type\":\"WebSite\",\"@id\":\"https:\\\/\\\/www.vanmeenen.com\\\/fr\\\/#website\",\"url\":\"https:\\\/\\\/www.vanmeenen.com\\\/fr\\\/\",\"name\":\"LPG - CNG - \u26a1 Van Meenen\",\"description\":\"Powering vehicles and buildings with LPG, CNG, batteries and solar\",\"publisher\":{\"@id\":\"https:\\\/\\\/www.vanmeenen.com\\\/fr\\\/#organization\"},\"potentialAction\":[{\"@type\":\"SearchAction\",\"target\":{\"@type\":\"EntryPoint\",\"urlTemplate\":\"https:\\\/\\\/www.vanmeenen.com\\\/fr\\\/?s={search_term_string}\"},\"query-input\":{\"@type\":\"PropertyValueSpecification\",\"valueRequired\":true,\"valueName\":\"search_term_string\"}}],\"inLanguage\":\"fr-FR\"},{\"@type\":\"Organization\",\"@id\":\"https:\\\/\\\/www.vanmeenen.com\\\/fr\\\/#organization\",\"name\":\"LPG-CNG Van Meenen\",\"url\":\"https:\\\/\\\/www.vanmeenen.com\\\/fr\\\/\",\"logo\":{\"@type\":\"ImageObject\",\"inLanguage\":\"fr-FR\",\"@id\":\"https:\\\/\\\/www.vanmeenen.com\\\/fr\\\/#\\\/schema\\\/logo\\\/image\\\/\",\"url\":\"https:\\\/\\\/www.vanmeenen.com\\\/wp-content\\\/uploads\\\/2020\\\/04\\\/logo_sm.png\",\"contentUrl\":\"https:\\\/\\\/www.vanmeenen.com\\\/wp-content\\\/uploads\\\/2020\\\/04\\\/logo_sm.png\",\"width\":98,\"height\":70,\"caption\":\"LPG-CNG Van Meenen\"},\"image\":{\"@id\":\"https:\\\/\\\/www.vanmeenen.com\\\/fr\\\/#\\\/schema\\\/logo\\\/image\\\/\"},\"sameAs\":[\"https:\\\/\\\/www.facebook.com\\\/lpgvanmeenen\\\/\",\"https:\\\/\\\/x.com\\\/ivesvanmeenen\"]}]}<\/script>\n<!-- \/ Yoast SEO Premium plugin. -->","yoast_head_json":{"title":"Installateur de GPL dans votre r\u00e9gion - prix en ligne pour l\u2019installation de GPL","description":"Obtenez ici le prix d\u2019un installateur de GPL dans votre r\u00e9gion, reconnu FPS Mobilit\u00e9.","robots":{"index":"index","follow":"follow","max-snippet":"max-snippet:-1","max-image-preview":"max-image-preview:large","max-video-preview":"max-video-preview:-1"},"canonical":"https:\/\/www.vanmeenen.com\/fr\/installateur-de-gpl\/","og_locale":"fr_FR","og_type":"article","og_title":"Installateur de GPL","og_description":"Obtenez ici le prix d\u2019un installateur de GPL dans votre r\u00e9gion, reconnu FPS Mobilit\u00e9.","og_url":"https:\/\/www.vanmeenen.com\/fr\/installateur-de-gpl\/","og_site_name":"LPG - CNG - \u26a1 Van Meenen","article_publisher":"https:\/\/www.facebook.com\/lpgvanmeenen\/","article_modified_time":"2020-03-30T12:26:34+00:00","og_image":[{"url":"https:\/\/www.vanmeenen.com\/wp-content\/uploads\/2020\/03\/logo-fod-mobiliteit.jpg","type":"","width":"","height":""}],"twitter_card":"summary_large_image","twitter_site":"@ivesvanmeenen","twitter_misc":{"Dur\u00e9e de lecture estim\u00e9e":"3 minutes"},"schema":{"@context":"https:\/\/schema.org","@graph":[{"@type":"WebPage","@id":"https:\/\/www.vanmeenen.com\/fr\/installateur-de-gpl\/","url":"https:\/\/www.vanmeenen.com\/fr\/installateur-de-gpl\/","name":"Installateur de GPL dans votre r\u00e9gion - prix en ligne pour l\u2019installation de GPL","isPartOf":{"@id":"https:\/\/www.vanmeenen.com\/fr\/#website"},"primaryImageOfPage":{"@id":"https:\/\/www.vanmeenen.com\/fr\/installateur-de-gpl\/#primaryimage"},"image":{"@id":"https:\/\/www.vanmeenen.com\/fr\/installateur-de-gpl\/#primaryimage"},"thumbnailUrl":"https:\/\/www.vanmeenen.com\/wp-content\/uploads\/2020\/03\/logo-fod-mobiliteit.jpg","datePublished":"2020-03-30T12:26:31+00:00","dateModified":"2020-03-30T12:26:34+00:00","description":"Obtenez ici le prix d\u2019un installateur de GPL dans votre r\u00e9gion, reconnu FPS Mobilit\u00e9.","breadcrumb":{"@id":"https:\/\/www.vanmeenen.com\/fr\/installateur-de-gpl\/#breadcrumb"},"inLanguage":"fr-FR","potentialAction":[{"@type":"ReadAction","target":["https:\/\/www.vanmeenen.com\/fr\/installateur-de-gpl\/"]}]},{"@type":"ImageObject","inLanguage":"fr-FR","@id":"https:\/\/www.vanmeenen.com\/fr\/installateur-de-gpl\/#primaryimage","url":"https:\/\/www.vanmeenen.com\/wp-content\/uploads\/2020\/03\/logo-fod-mobiliteit.jpg","contentUrl":"https:\/\/www.vanmeenen.com\/wp-content\/uploads\/2020\/03\/logo-fod-mobiliteit.jpg"},{"@type":"BreadcrumbList","@id":"https:\/\/www.vanmeenen.com\/fr\/installateur-de-gpl\/#breadcrumb","itemListElement":[{"@type":"ListItem","position":1,"name":"Home","item":"https:\/\/www.vanmeenen.com\/fr\/"},{"@type":"ListItem","position":2,"name":"Installateur de GPL"}]},{"@type":"WebSite","@id":"https:\/\/www.vanmeenen.com\/fr\/#website","url":"https:\/\/www.vanmeenen.com\/fr\/","name":"LPG - CNG - \u26a1 Van Meenen","description":"Powering vehicles and buildings with LPG, CNG, batteries and solar","publisher":{"@id":"https:\/\/www.vanmeenen.com\/fr\/#organization"},"potentialAction":[{"@type":"SearchAction","target":{"@type":"EntryPoint","urlTemplate":"https:\/\/www.vanmeenen.com\/fr\/?s={search_term_string}"},"query-input":{"@type":"PropertyValueSpecification","valueRequired":true,"valueName":"search_term_string"}}],"inLanguage":"fr-FR"},{"@type":"Organization","@id":"https:\/\/www.vanmeenen.com\/fr\/#organization","name":"LPG-CNG Van Meenen","url":"https:\/\/www.vanmeenen.com\/fr\/","logo":{"@type":"ImageObject","inLanguage":"fr-FR","@id":"https:\/\/www.vanmeenen.com\/fr\/#\/schema\/logo\/image\/","url":"https:\/\/www.vanmeenen.com\/wp-content\/uploads\/2020\/04\/logo_sm.png","contentUrl":"https:\/\/www.vanmeenen.com\/wp-content\/uploads\/2020\/04\/logo_sm.png","width":98,"height":70,"caption":"LPG-CNG Van Meenen"},"image":{"@id":"https:\/\/www.vanmeenen.com\/fr\/#\/schema\/logo\/image\/"},"sameAs":["https:\/\/www.facebook.com\/lpgvanmeenen\/","https:\/\/x.com\/ivesvanmeenen"]}]}},"_links":{"self":[{"href":"https:\/\/www.vanmeenen.com\/fr\/wp-json\/wp\/v2\/pages\/4383","targetHints":{"allow":["GET"]}}],"collection":[{"href":"https:\/\/www.vanmeenen.com\/fr\/wp-json\/wp\/v2\/pages"}],"about":[{"href":"https:\/\/www.vanmeenen.com\/fr\/wp-json\/wp\/v2\/types\/page"}],"author":[{"embeddable":true,"href":"https:\/\/www.vanmeenen.com\/fr\/wp-json\/wp\/v2\/users\/1"}],"replies":[{"embeddable":true,"href":"https:\/\/www.vanmeenen.com\/fr\/wp-json\/wp\/v2\/comments?post=4383"}],"version-history":[{"count":0,"href":"https:\/\/www.vanmeenen.com\/fr\/wp-json\/wp\/v2\/pages\/4383\/revisions"}],"wp:attachment":[{"href":"https:\/\/www.vanmeenen.com\/fr\/wp-json\/wp\/v2\/media?parent=4383"}],"curies":[{"name":"wp","href":"https:\/\/api.w.org\/{rel}","templated":true}]}}