{"id":4368,"date":"2020-03-30T11:56:50","date_gmt":"2020-03-30T11:56:50","guid":{"rendered":"https:\/\/www.vanmeenen.com\/qui-sommes-nous\/"},"modified":"2020-03-30T11:56:53","modified_gmt":"2020-03-30T11:56:53","slug":"qui-sommes-nous","status":"publish","type":"page","link":"https:\/\/www.vanmeenen.com\/fr\/qui-sommes-nous\/","title":{"rendered":"Qui sommes-nous"},"content":{"rendered":"\n<h2 class=\"wp-block-heading\">Grossiste<\/h2>\n\n<p>Van Meenen est le plus grand grossiste pour les installations de lpg et de cng en Europe occidentale. Nos syst\u00e8mes peuvent \u00eatre plac\u00e9s sur les voitures, camping-cars, chariots \u00e9l\u00e9vateurs, g\u00e9n\u00e9rateurs, bateaux, karts, scooters, etc. L\u2019entreprise est log\u00e9e dans un b\u00e2timent de 7000 m2. Nous sommes la seule entreprise o\u00f9 vous pouvez commander, acheter, ramasser et faire livrer chaque pi\u00e8ce s\u00e9par\u00e9ment ou une installation compl\u00e8te de toutes les marques existantes \u00e0 travers l\u2019Europe. Nous avons un grand stock avec la garantie que nous pouvons toujours livrer imm\u00e9diatement.<\/p>\n\n<h2 class=\"wp-block-heading\">Installateur de GPL et de GNC<\/h2>\n\n<p>GPL &#8211; CNG Van Meenen a un atelier avec plusieurs techniciens sp\u00e9cialis\u00e9s qui sont pr\u00eats \u00e0 installer les installations ainsi que de donner l\u2019apr\u00e8s-service. L\u2019atelier est \u00e9quip\u00e9 de suffisamment d\u2019ascenseurs et de tous les outils sp\u00e9cialis\u00e9s pour assurer un traitement en douceur. Ici, vous vous sentez et voyez l\u2019atmosph\u00e8re \u00e9nergique n\u00e9cessaire pour offrir un travail de qualit\u00e9 et de servir tout le monde. Nous offrons la garantie que lorsqu\u2019un rendez-vous est pris pour effectuer un entretien, il sera pr\u00eat dans l\u2019heure. En d\u2019autres termes, le conducteur peut attendre. Le caf\u00e9 etc. est pr\u00eat.<\/p>\n\n<h2 class=\"wp-block-heading\">Entreprise familiale<\/h2>\n\n<p>Nous sommes une entreprise familiale dirig\u00e9e par 4 fr\u00e8res.<\/p>\n\n<figure class=\"wp-block-image size-large\"><img loading=\"lazy\" decoding=\"async\" width=\"1024\" height=\"768\" src=\"https:\/\/www.vanmeenen.com\/wp-content\/uploads\/2020\/03\/Van-Meenen-broers-1-1024x768.jpeg\" alt=\"Photo des fr&#xE8;res qui dirigent l&#x2019;entreprise.\" class=\"wp-image-126\" srcset=\"https:\/\/www.vanmeenen.com\/wp-content\/uploads\/2020\/03\/Van-Meenen-broers-1-1024x768.jpeg 1024w, https:\/\/www.vanmeenen.com\/wp-content\/uploads\/2020\/03\/Van-Meenen-broers-1-300x225.jpeg 300w, https:\/\/www.vanmeenen.com\/wp-content\/uploads\/2020\/03\/Van-Meenen-broers-1-600x450.jpeg 600w, https:\/\/www.vanmeenen.com\/wp-content\/uploads\/2020\/03\/Van-Meenen-broers-1-768x576.jpeg 768w, https:\/\/www.vanmeenen.com\/wp-content\/uploads\/2020\/03\/Van-Meenen-broers-1-1536x1152.jpeg 1536w, https:\/\/www.vanmeenen.com\/wp-content\/uploads\/2020\/03\/Van-Meenen-broers-1-1200x900.jpeg 1200w, https:\/\/www.vanmeenen.com\/wp-content\/uploads\/2020\/03\/Van-Meenen-broers-1.jpeg 1600w\" sizes=\"auto, (max-width: 1024px) 100vw, 1024px\" \/><figcaption>De gauche \u00e0 droite : Ives, Andy, Kristof et Dennis Van Meenen.<\/figcaption><\/figure>","protected":false},"excerpt":{"rendered":"<p>Grossiste Van Meenen est le plus grand grossiste pour les installations de lpg et de cng en Europe occidentale. Nos syst\u00e8mes peuvent \u00eatre plac\u00e9s sur les voitures, camping-cars, chariots \u00e9l\u00e9vateurs, g\u00e9n\u00e9rateurs, bateaux, karts, scooters, etc. L\u2019entreprise est log\u00e9e dans un b\u00e2timent de 7000 m2. Nous sommes la seule entreprise o\u00f9 vous pouvez commander, acheter, ramasser &#8230; <a title=\"Qui sommes-nous\" class=\"read-more\" href=\"https:\/\/www.vanmeenen.com\/fr\/qui-sommes-nous\/\" aria-label=\"En savoir plus sur Qui sommes-nous\">Lire plus<\/a><\/p>\n","protected":false},"author":1,"featured_media":0,"parent":0,"menu_order":0,"comment_status":"closed","ping_status":"closed","template":"","meta":{"footnotes":""},"class_list":{"0":"post-4368","1":"page","2":"type-page","3":"status-publish","5":"infinite-scroll-item"},"yoast_head":"<!-- This site is optimized with the Yoast SEO Premium plugin v26.9 (Yoast SEO v27.5) - https:\/\/yoast.com\/product\/yoast-seo-premium-wordpress\/ -->\n<title>Qui sommes-nous | LPG - CNG - \u26a1 Van Meenen<\/title>\n<meta name=\"robots\" content=\"index, follow, max-snippet:-1, max-image-preview:large, max-video-preview:-1\" \/>\n<link rel=\"canonical\" href=\"https:\/\/www.vanmeenen.com\/fr\/qui-sommes-nous\/\" \/>\n<meta property=\"og:locale\" content=\"fr_FR\" \/>\n<meta property=\"og:type\" content=\"article\" \/>\n<meta property=\"og:title\" content=\"Qui sommes-nous\" \/>\n<meta property=\"og:description\" content=\"Grossiste Van Meenen est le plus grand grossiste pour les installations de lpg et de cng en Europe occidentale. Nos syst\u00e8mes peuvent \u00eatre plac\u00e9s sur les voitures, camping-cars, chariots \u00e9l\u00e9vateurs, g\u00e9n\u00e9rateurs, bateaux, karts, scooters, etc. L\u2019entreprise est log\u00e9e dans un b\u00e2timent de 7000 m2. Nous sommes la seule entreprise o\u00f9 vous pouvez commander, acheter, ramasser ... Lire plus\" \/>\n<meta property=\"og:url\" content=\"https:\/\/www.vanmeenen.com\/fr\/qui-sommes-nous\/\" \/>\n<meta property=\"og:site_name\" content=\"LPG - CNG - \u26a1 Van Meenen\" \/>\n<meta property=\"article:publisher\" content=\"https:\/\/www.facebook.com\/lpgvanmeenen\/\" \/>\n<meta property=\"article:modified_time\" content=\"2020-03-30T11:56:53+00:00\" \/>\n<meta property=\"og:image\" content=\"https:\/\/www.vanmeenen.com\/wp-content\/uploads\/2020\/03\/Van-Meenen-broers-1-1024x768.jpeg\" \/>\n<meta name=\"twitter:card\" content=\"summary_large_image\" \/>\n<meta name=\"twitter:site\" content=\"@ivesvanmeenen\" \/>\n<meta name=\"twitter:label1\" content=\"Dur\u00e9e de lecture estim\u00e9e\" \/>\n\t<meta name=\"twitter:data1\" content=\"1 minute\" \/>\n<script type=\"application\/ld+json\" class=\"yoast-schema-graph\">{\"@context\":\"https:\\\/\\\/schema.org\",\"@graph\":[{\"@type\":\"WebPage\",\"@id\":\"https:\\\/\\\/www.vanmeenen.com\\\/fr\\\/qui-sommes-nous\\\/\",\"url\":\"https:\\\/\\\/www.vanmeenen.com\\\/fr\\\/qui-sommes-nous\\\/\",\"name\":\"Qui sommes-nous | LPG - CNG - \u26a1 Van Meenen\",\"isPartOf\":{\"@id\":\"https:\\\/\\\/www.vanmeenen.com\\\/fr\\\/#website\"},\"primaryImageOfPage\":{\"@id\":\"https:\\\/\\\/www.vanmeenen.com\\\/fr\\\/qui-sommes-nous\\\/#primaryimage\"},\"image\":{\"@id\":\"https:\\\/\\\/www.vanmeenen.com\\\/fr\\\/qui-sommes-nous\\\/#primaryimage\"},\"thumbnailUrl\":\"https:\\\/\\\/www.vanmeenen.com\\\/wp-content\\\/uploads\\\/2020\\\/03\\\/Van-Meenen-broers-1-1024x768.jpeg\",\"datePublished\":\"2020-03-30T11:56:50+00:00\",\"dateModified\":\"2020-03-30T11:56:53+00:00\",\"breadcrumb\":{\"@id\":\"https:\\\/\\\/www.vanmeenen.com\\\/fr\\\/qui-sommes-nous\\\/#breadcrumb\"},\"inLanguage\":\"fr-FR\",\"potentialAction\":[{\"@type\":\"ReadAction\",\"target\":[\"https:\\\/\\\/www.vanmeenen.com\\\/fr\\\/qui-sommes-nous\\\/\"]}]},{\"@type\":\"ImageObject\",\"inLanguage\":\"fr-FR\",\"@id\":\"https:\\\/\\\/www.vanmeenen.com\\\/fr\\\/qui-sommes-nous\\\/#primaryimage\",\"url\":\"https:\\\/\\\/www.vanmeenen.com\\\/wp-content\\\/uploads\\\/2020\\\/03\\\/Van-Meenen-broers-1-1024x768.jpeg\",\"contentUrl\":\"https:\\\/\\\/www.vanmeenen.com\\\/wp-content\\\/uploads\\\/2020\\\/03\\\/Van-Meenen-broers-1-1024x768.jpeg\"},{\"@type\":\"BreadcrumbList\",\"@id\":\"https:\\\/\\\/www.vanmeenen.com\\\/fr\\\/qui-sommes-nous\\\/#breadcrumb\",\"itemListElement\":[{\"@type\":\"ListItem\",\"position\":1,\"name\":\"Home\",\"item\":\"https:\\\/\\\/www.vanmeenen.com\\\/fr\\\/\"},{\"@type\":\"ListItem\",\"position\":2,\"name\":\"Qui sommes-nous\"}]},{\"@type\":\"WebSite\",\"@id\":\"https:\\\/\\\/www.vanmeenen.com\\\/fr\\\/#website\",\"url\":\"https:\\\/\\\/www.vanmeenen.com\\\/fr\\\/\",\"name\":\"LPG - CNG - \u26a1 Van Meenen\",\"description\":\"Powering vehicles and buildings with LPG, CNG, batteries and solar\",\"publisher\":{\"@id\":\"https:\\\/\\\/www.vanmeenen.com\\\/fr\\\/#organization\"},\"potentialAction\":[{\"@type\":\"SearchAction\",\"target\":{\"@type\":\"EntryPoint\",\"urlTemplate\":\"https:\\\/\\\/www.vanmeenen.com\\\/fr\\\/?s={search_term_string}\"},\"query-input\":{\"@type\":\"PropertyValueSpecification\",\"valueRequired\":true,\"valueName\":\"search_term_string\"}}],\"inLanguage\":\"fr-FR\"},{\"@type\":\"Organization\",\"@id\":\"https:\\\/\\\/www.vanmeenen.com\\\/fr\\\/#organization\",\"name\":\"LPG-CNG Van Meenen\",\"url\":\"https:\\\/\\\/www.vanmeenen.com\\\/fr\\\/\",\"logo\":{\"@type\":\"ImageObject\",\"inLanguage\":\"fr-FR\",\"@id\":\"https:\\\/\\\/www.vanmeenen.com\\\/fr\\\/#\\\/schema\\\/logo\\\/image\\\/\",\"url\":\"https:\\\/\\\/www.vanmeenen.com\\\/wp-content\\\/uploads\\\/2020\\\/04\\\/logo_sm.png\",\"contentUrl\":\"https:\\\/\\\/www.vanmeenen.com\\\/wp-content\\\/uploads\\\/2020\\\/04\\\/logo_sm.png\",\"width\":98,\"height\":70,\"caption\":\"LPG-CNG Van Meenen\"},\"image\":{\"@id\":\"https:\\\/\\\/www.vanmeenen.com\\\/fr\\\/#\\\/schema\\\/logo\\\/image\\\/\"},\"sameAs\":[\"https:\\\/\\\/www.facebook.com\\\/lpgvanmeenen\\\/\",\"https:\\\/\\\/x.com\\\/ivesvanmeenen\"]}]}<\/script>\n<!-- \/ Yoast SEO Premium plugin. -->","yoast_head_json":{"title":"Qui sommes-nous | LPG - CNG - \u26a1 Van Meenen","robots":{"index":"index","follow":"follow","max-snippet":"max-snippet:-1","max-image-preview":"max-image-preview:large","max-video-preview":"max-video-preview:-1"},"canonical":"https:\/\/www.vanmeenen.com\/fr\/qui-sommes-nous\/","og_locale":"fr_FR","og_type":"article","og_title":"Qui sommes-nous","og_description":"Grossiste Van Meenen est le plus grand grossiste pour les installations de lpg et de cng en Europe occidentale. Nos syst\u00e8mes peuvent \u00eatre plac\u00e9s sur les voitures, camping-cars, chariots \u00e9l\u00e9vateurs, g\u00e9n\u00e9rateurs, bateaux, karts, scooters, etc. L\u2019entreprise est log\u00e9e dans un b\u00e2timent de 7000 m2. Nous sommes la seule entreprise o\u00f9 vous pouvez commander, acheter, ramasser ... Lire plus","og_url":"https:\/\/www.vanmeenen.com\/fr\/qui-sommes-nous\/","og_site_name":"LPG - CNG - \u26a1 Van Meenen","article_publisher":"https:\/\/www.facebook.com\/lpgvanmeenen\/","article_modified_time":"2020-03-30T11:56:53+00:00","og_image":[{"url":"https:\/\/www.vanmeenen.com\/wp-content\/uploads\/2020\/03\/Van-Meenen-broers-1-1024x768.jpeg","type":"","width":"","height":""}],"twitter_card":"summary_large_image","twitter_site":"@ivesvanmeenen","twitter_misc":{"Dur\u00e9e de lecture estim\u00e9e":"1 minute"},"schema":{"@context":"https:\/\/schema.org","@graph":[{"@type":"WebPage","@id":"https:\/\/www.vanmeenen.com\/fr\/qui-sommes-nous\/","url":"https:\/\/www.vanmeenen.com\/fr\/qui-sommes-nous\/","name":"Qui sommes-nous | LPG - CNG - \u26a1 Van Meenen","isPartOf":{"@id":"https:\/\/www.vanmeenen.com\/fr\/#website"},"primaryImageOfPage":{"@id":"https:\/\/www.vanmeenen.com\/fr\/qui-sommes-nous\/#primaryimage"},"image":{"@id":"https:\/\/www.vanmeenen.com\/fr\/qui-sommes-nous\/#primaryimage"},"thumbnailUrl":"https:\/\/www.vanmeenen.com\/wp-content\/uploads\/2020\/03\/Van-Meenen-broers-1-1024x768.jpeg","datePublished":"2020-03-30T11:56:50+00:00","dateModified":"2020-03-30T11:56:53+00:00","breadcrumb":{"@id":"https:\/\/www.vanmeenen.com\/fr\/qui-sommes-nous\/#breadcrumb"},"inLanguage":"fr-FR","potentialAction":[{"@type":"ReadAction","target":["https:\/\/www.vanmeenen.com\/fr\/qui-sommes-nous\/"]}]},{"@type":"ImageObject","inLanguage":"fr-FR","@id":"https:\/\/www.vanmeenen.com\/fr\/qui-sommes-nous\/#primaryimage","url":"https:\/\/www.vanmeenen.com\/wp-content\/uploads\/2020\/03\/Van-Meenen-broers-1-1024x768.jpeg","contentUrl":"https:\/\/www.vanmeenen.com\/wp-content\/uploads\/2020\/03\/Van-Meenen-broers-1-1024x768.jpeg"},{"@type":"BreadcrumbList","@id":"https:\/\/www.vanmeenen.com\/fr\/qui-sommes-nous\/#breadcrumb","itemListElement":[{"@type":"ListItem","position":1,"name":"Home","item":"https:\/\/www.vanmeenen.com\/fr\/"},{"@type":"ListItem","position":2,"name":"Qui sommes-nous"}]},{"@type":"WebSite","@id":"https:\/\/www.vanmeenen.com\/fr\/#website","url":"https:\/\/www.vanmeenen.com\/fr\/","name":"LPG - CNG - \u26a1 Van Meenen","description":"Powering vehicles and buildings with LPG, CNG, batteries and solar","publisher":{"@id":"https:\/\/www.vanmeenen.com\/fr\/#organization"},"potentialAction":[{"@type":"SearchAction","target":{"@type":"EntryPoint","urlTemplate":"https:\/\/www.vanmeenen.com\/fr\/?s={search_term_string}"},"query-input":{"@type":"PropertyValueSpecification","valueRequired":true,"valueName":"search_term_string"}}],"inLanguage":"fr-FR"},{"@type":"Organization","@id":"https:\/\/www.vanmeenen.com\/fr\/#organization","name":"LPG-CNG Van Meenen","url":"https:\/\/www.vanmeenen.com\/fr\/","logo":{"@type":"ImageObject","inLanguage":"fr-FR","@id":"https:\/\/www.vanmeenen.com\/fr\/#\/schema\/logo\/image\/","url":"https:\/\/www.vanmeenen.com\/wp-content\/uploads\/2020\/04\/logo_sm.png","contentUrl":"https:\/\/www.vanmeenen.com\/wp-content\/uploads\/2020\/04\/logo_sm.png","width":98,"height":70,"caption":"LPG-CNG Van Meenen"},"image":{"@id":"https:\/\/www.vanmeenen.com\/fr\/#\/schema\/logo\/image\/"},"sameAs":["https:\/\/www.facebook.com\/lpgvanmeenen\/","https:\/\/x.com\/ivesvanmeenen"]}]}},"_links":{"self":[{"href":"https:\/\/www.vanmeenen.com\/fr\/wp-json\/wp\/v2\/pages\/4368","targetHints":{"allow":["GET"]}}],"collection":[{"href":"https:\/\/www.vanmeenen.com\/fr\/wp-json\/wp\/v2\/pages"}],"about":[{"href":"https:\/\/www.vanmeenen.com\/fr\/wp-json\/wp\/v2\/types\/page"}],"author":[{"embeddable":true,"href":"https:\/\/www.vanmeenen.com\/fr\/wp-json\/wp\/v2\/users\/1"}],"replies":[{"embeddable":true,"href":"https:\/\/www.vanmeenen.com\/fr\/wp-json\/wp\/v2\/comments?post=4368"}],"version-history":[{"count":0,"href":"https:\/\/www.vanmeenen.com\/fr\/wp-json\/wp\/v2\/pages\/4368\/revisions"}],"wp:attachment":[{"href":"https:\/\/www.vanmeenen.com\/fr\/wp-json\/wp\/v2\/media?parent=4368"}],"curies":[{"name":"wp","href":"https:\/\/api.w.org\/{rel}","templated":true}]}}