{"id":4311,"date":"2020-03-30T08:45:40","date_gmt":"2020-03-30T08:45:40","guid":{"rendered":"https:\/\/www.vanmeenen.com\/heures-de-contact-et-douverture\/"},"modified":"2021-03-04T08:41:05","modified_gmt":"2021-03-04T08:41:05","slug":"heures-de-contact-et-douverture","status":"publish","type":"page","link":"https:\/\/www.vanmeenen.com\/fr\/heures-de-contact-et-douverture\/","title":{"rendered":"Contactez nous"},"content":{"rendered":"<h2>Rendez-vous en ligne<\/h2>\n<p>Prenez rendez-vous en ligne ici: <a href=\"https:\/\/lpg.youcanbook.me\/\">lpg.youcanbookme.com<\/a><\/p>\n<p>Vous verrez imm\u00e9diatement quand il y aura de la place.<\/p>\n<h2>T\u00e9l\u00e9phone et e-mail<\/h2>\n<p><a href=\"tel:+3293786823\">T\u00e9l. : +3293786823<\/a> &#8211; Courriel : <a href=\"mailto:vanmeenen@vanmeenen.com\">vanmeenen@vanmeenen.com<\/a><\/p>\n<p>Ives Van Meenen &#8211; <a href=\"tel:+32474335656\">T\u00e9l.\/WhatsApp +32474335656<\/a> &#8211; Courriel: <a href=\"mailto:ives@vanmeenen.com\">ives@vanmeenen.com<\/a><br>Pour le magazin (pi\u00e8ces de commande), appelez Ives ou Andy directement (pas au num\u00e9ro g\u00e9n\u00e9ral). Les commandes peuvent \u00eatre envoy\u00e9es directement \u00e0 <a href=\"mailto:order@vanmeenen.com\">order@vanmeenen.com.<\/a><br>Vous pouvez \u00e9galement aller \u00e0 Ives pour un devis pour une installation de GPL ou pour une r\u00e9paration.<\/p>\n<p>Andy Van Meenen &#8211; <a href=\"tel:+32495240882\">T\u00e9l. +32495240882<\/a><br>Juste pour le magazin.<\/p>\n<p>Kristof Van Meenen &#8211; <a href=\"tel:+32495240882\">T\u00e9l. +32475815037<\/a><br>Appelez Kristof pour un soutien technique ou si vous voulez savoir jusqu\u2019o\u00f9 votre voiture est.<\/p>\n<h2>Notre adresse<\/h2>\n<p>LPG Techniek Van Meenen bvba<br>Peperstraat 1<br>9900 Eeklo<br>Belgique<\/p>\n\n\n<h2 class=\"wp-block-heading\" id=\"h-heures-d-ouverture\">Heures d\u2019ouverture<\/h2>\n\n\n\n<p>Lundi &#8211; Vendredi 9:00-12:00; 14:00-17:00<br>En dehors des heures d\u2019ouverture : sur rendez-vous. Vous pouvez toujours apporter la voiture apr\u00e8s les heures d\u2019ouverture apr\u00e8s le rendez-vous.<\/p>\n\n\n\n<h2 class=\"wp-block-heading\" id=\"h-facturation-et-paiement\">Facturation et paiement<\/h2>\n\n\n\n<p>No. TVA et no. EORI: BE0472759093<\/p>\n\n\n\n<h2 class=\"wp-block-heading\" id=\"h-accessibilit-par-les-transports-en-commun\">Accessibilit\u00e9 par les transports en commun<\/h2>\n\n\n\n<p>De Gand-Sint-Pieters, un train part toutes les heures <a href=\"https:\/\/www.belgiantrain.be\/nl\">pour Eeklo.<\/a> Habituellement, c\u2019est 20 min. apr\u00e8s l\u2019heure. Pendant les heures de pointe, il y a plus de trains.<\/p>\n\n\n\n<p>Il y a aussi une liaison <a href=\"https:\/\/www.delijn.be\/nl\/\">de bus<\/a> tr\u00e8s fr\u00e9quente entre Gand, Eeklo et Bruges.<\/p>\n\n\n\n<h2 class=\"wp-block-heading\" id=\"h-nuit\">Nuit<\/h2>\n\n\n\n<p>Eeklo est tr\u00e8s populaire comme une base \u00e0 Gand, Bruges et \u00e0 la c\u00f4te belge. Aussi en raison de la moto, c\u2019est un environnement id\u00e9al.<\/p>\n\n\n\n<p>N\u2019h\u00e9sitez pas \u00e0 nous contacter pour r\u00e9server une nuit\u00e9e pour vous. Nous connaissons de tr\u00e8s bonnes adresses.<\/p>\n\n\n\n<h2 class=\"wp-block-heading\" id=\"h-parking-gratuit-pour-les-camping-cars\">Parking gratuit pour les camping-cars<\/h2>\n\n\n\n<p>Vous pouvez toujours passer la nuit dans notre parking. Laissez-nous savoir quelque chose \u00e0 l\u2019avance, vous pouvez vous tenir dans notre parking verrouill\u00e9. <\/p>\n\n\n\n<p>Il y a aussi un endroit tr\u00e8s agr\u00e9able camping-car \u00e0 Eeklo \u00e0 la <a href=\"https:\/\/www.jachthaven-eeklo.be\/camperplaats.html\">marina.<\/a> Le prix est de 10 euros par nuit pour 2 personnes.<\/p>\n\n\n\n<h2 class=\"wp-block-heading\" id=\"h-info-suppl-mentaire\">Info suppl\u00e9mentaire<\/h2>\n\n\n\n<p><a href=\"https:\/\/www.vanmeenen.com\/fr\/conditions-de-vente-lpg-techniek-van-meenen-bvba\/\">Nos conditions de vente<\/a><\/p>\n","protected":false},"excerpt":{"rendered":"<p>Rendez-vous en ligne Prenez rendez-vous en ligne ici: lpg.youcanbookme.com Vous verrez imm\u00e9diatement quand il y aura de la place. T\u00e9l\u00e9phone et e-mail T\u00e9l. : +3293786823 &#8211; Courriel : vanmeenen@vanmeenen.com Ives Van Meenen &#8211; T\u00e9l.\/WhatsApp +32474335656 &#8211; Courriel: ives@vanmeenen.comPour le magazin (pi\u00e8ces de commande), appelez Ives ou Andy directement (pas au num\u00e9ro g\u00e9n\u00e9ral). Les commandes peuvent &#8230; <a title=\"Contactez nous\" class=\"read-more\" href=\"https:\/\/www.vanmeenen.com\/fr\/heures-de-contact-et-douverture\/\" aria-label=\"En savoir plus sur Contactez nous\">Lire plus<\/a><\/p>\n","protected":false},"author":1,"featured_media":0,"parent":0,"menu_order":0,"comment_status":"closed","ping_status":"closed","template":"","meta":{"footnotes":""},"class_list":{"0":"post-4311","1":"page","2":"type-page","3":"status-publish","5":"infinite-scroll-item"},"yoast_head":"<!-- This site is optimized with the Yoast SEO Premium plugin v26.9 (Yoast SEO v27.5) - https:\/\/yoast.com\/product\/yoast-seo-premium-wordpress\/ -->\n<title>Contactez nous | LPG - CNG - \u26a1 Van Meenen<\/title>\n<meta name=\"robots\" content=\"index, follow, max-snippet:-1, max-image-preview:large, max-video-preview:-1\" \/>\n<link rel=\"canonical\" href=\"https:\/\/www.vanmeenen.com\/fr\/heures-de-contact-et-douverture\/\" \/>\n<meta property=\"og:locale\" content=\"fr_FR\" \/>\n<meta property=\"og:type\" content=\"article\" \/>\n<meta property=\"og:title\" content=\"Contactez nous\" \/>\n<meta property=\"og:description\" content=\"Rendez-vous en ligne Prenez rendez-vous en ligne ici: lpg.youcanbookme.com Vous verrez imm\u00e9diatement quand il y aura de la place. T\u00e9l\u00e9phone et e-mail T\u00e9l. : +3293786823 &#8211; Courriel : vanmeenen@vanmeenen.com Ives Van Meenen &#8211; T\u00e9l.\/WhatsApp +32474335656 &#8211; Courriel: ives@vanmeenen.comPour le magazin (pi\u00e8ces de commande), appelez Ives ou Andy directement (pas au num\u00e9ro g\u00e9n\u00e9ral). Les commandes peuvent ... Lire plus\" \/>\n<meta property=\"og:url\" content=\"https:\/\/www.vanmeenen.com\/fr\/heures-de-contact-et-douverture\/\" \/>\n<meta property=\"og:site_name\" content=\"LPG - CNG - \u26a1 Van Meenen\" \/>\n<meta property=\"article:publisher\" content=\"https:\/\/www.facebook.com\/lpgvanmeenen\/\" \/>\n<meta property=\"article:modified_time\" content=\"2021-03-04T08:41:05+00:00\" \/>\n<meta name=\"twitter:card\" content=\"summary_large_image\" \/>\n<meta name=\"twitter:site\" content=\"@ivesvanmeenen\" \/>\n<meta name=\"twitter:label1\" content=\"Dur\u00e9e de lecture estim\u00e9e\" \/>\n\t<meta name=\"twitter:data1\" content=\"2 minutes\" \/>\n<script type=\"application\/ld+json\" class=\"yoast-schema-graph\">{\"@context\":\"https:\\\/\\\/schema.org\",\"@graph\":[{\"@type\":\"WebPage\",\"@id\":\"https:\\\/\\\/www.vanmeenen.com\\\/fr\\\/heures-de-contact-et-douverture\\\/\",\"url\":\"https:\\\/\\\/www.vanmeenen.com\\\/fr\\\/heures-de-contact-et-douverture\\\/\",\"name\":\"Contactez nous | LPG - CNG - \u26a1 Van Meenen\",\"isPartOf\":{\"@id\":\"https:\\\/\\\/www.vanmeenen.com\\\/fr\\\/#website\"},\"datePublished\":\"2020-03-30T08:45:40+00:00\",\"dateModified\":\"2021-03-04T08:41:05+00:00\",\"breadcrumb\":{\"@id\":\"https:\\\/\\\/www.vanmeenen.com\\\/fr\\\/heures-de-contact-et-douverture\\\/#breadcrumb\"},\"inLanguage\":\"fr-FR\",\"potentialAction\":[{\"@type\":\"ReadAction\",\"target\":[\"https:\\\/\\\/www.vanmeenen.com\\\/fr\\\/heures-de-contact-et-douverture\\\/\"]}]},{\"@type\":\"BreadcrumbList\",\"@id\":\"https:\\\/\\\/www.vanmeenen.com\\\/fr\\\/heures-de-contact-et-douverture\\\/#breadcrumb\",\"itemListElement\":[{\"@type\":\"ListItem\",\"position\":1,\"name\":\"Home\",\"item\":\"https:\\\/\\\/www.vanmeenen.com\\\/fr\\\/\"},{\"@type\":\"ListItem\",\"position\":2,\"name\":\"Contactez nous\"}]},{\"@type\":\"WebSite\",\"@id\":\"https:\\\/\\\/www.vanmeenen.com\\\/fr\\\/#website\",\"url\":\"https:\\\/\\\/www.vanmeenen.com\\\/fr\\\/\",\"name\":\"LPG - CNG - \u26a1 Van Meenen\",\"description\":\"Powering vehicles and buildings with LPG, CNG, batteries and solar\",\"publisher\":{\"@id\":\"https:\\\/\\\/www.vanmeenen.com\\\/fr\\\/#organization\"},\"potentialAction\":[{\"@type\":\"SearchAction\",\"target\":{\"@type\":\"EntryPoint\",\"urlTemplate\":\"https:\\\/\\\/www.vanmeenen.com\\\/fr\\\/?s={search_term_string}\"},\"query-input\":{\"@type\":\"PropertyValueSpecification\",\"valueRequired\":true,\"valueName\":\"search_term_string\"}}],\"inLanguage\":\"fr-FR\"},{\"@type\":\"Organization\",\"@id\":\"https:\\\/\\\/www.vanmeenen.com\\\/fr\\\/#organization\",\"name\":\"LPG-CNG Van Meenen\",\"url\":\"https:\\\/\\\/www.vanmeenen.com\\\/fr\\\/\",\"logo\":{\"@type\":\"ImageObject\",\"inLanguage\":\"fr-FR\",\"@id\":\"https:\\\/\\\/www.vanmeenen.com\\\/fr\\\/#\\\/schema\\\/logo\\\/image\\\/\",\"url\":\"https:\\\/\\\/www.vanmeenen.com\\\/wp-content\\\/uploads\\\/2020\\\/04\\\/logo_sm.png\",\"contentUrl\":\"https:\\\/\\\/www.vanmeenen.com\\\/wp-content\\\/uploads\\\/2020\\\/04\\\/logo_sm.png\",\"width\":98,\"height\":70,\"caption\":\"LPG-CNG Van Meenen\"},\"image\":{\"@id\":\"https:\\\/\\\/www.vanmeenen.com\\\/fr\\\/#\\\/schema\\\/logo\\\/image\\\/\"},\"sameAs\":[\"https:\\\/\\\/www.facebook.com\\\/lpgvanmeenen\\\/\",\"https:\\\/\\\/x.com\\\/ivesvanmeenen\"]}]}<\/script>\n<!-- \/ Yoast SEO Premium plugin. -->","yoast_head_json":{"title":"Contactez nous | LPG - CNG - \u26a1 Van Meenen","robots":{"index":"index","follow":"follow","max-snippet":"max-snippet:-1","max-image-preview":"max-image-preview:large","max-video-preview":"max-video-preview:-1"},"canonical":"https:\/\/www.vanmeenen.com\/fr\/heures-de-contact-et-douverture\/","og_locale":"fr_FR","og_type":"article","og_title":"Contactez nous","og_description":"Rendez-vous en ligne Prenez rendez-vous en ligne ici: lpg.youcanbookme.com Vous verrez imm\u00e9diatement quand il y aura de la place. T\u00e9l\u00e9phone et e-mail T\u00e9l. : +3293786823 &#8211; Courriel : vanmeenen@vanmeenen.com Ives Van Meenen &#8211; T\u00e9l.\/WhatsApp +32474335656 &#8211; Courriel: ives@vanmeenen.comPour le magazin (pi\u00e8ces de commande), appelez Ives ou Andy directement (pas au num\u00e9ro g\u00e9n\u00e9ral). Les commandes peuvent ... Lire plus","og_url":"https:\/\/www.vanmeenen.com\/fr\/heures-de-contact-et-douverture\/","og_site_name":"LPG - CNG - \u26a1 Van Meenen","article_publisher":"https:\/\/www.facebook.com\/lpgvanmeenen\/","article_modified_time":"2021-03-04T08:41:05+00:00","twitter_card":"summary_large_image","twitter_site":"@ivesvanmeenen","twitter_misc":{"Dur\u00e9e de lecture estim\u00e9e":"2 minutes"},"schema":{"@context":"https:\/\/schema.org","@graph":[{"@type":"WebPage","@id":"https:\/\/www.vanmeenen.com\/fr\/heures-de-contact-et-douverture\/","url":"https:\/\/www.vanmeenen.com\/fr\/heures-de-contact-et-douverture\/","name":"Contactez nous | LPG - CNG - \u26a1 Van Meenen","isPartOf":{"@id":"https:\/\/www.vanmeenen.com\/fr\/#website"},"datePublished":"2020-03-30T08:45:40+00:00","dateModified":"2021-03-04T08:41:05+00:00","breadcrumb":{"@id":"https:\/\/www.vanmeenen.com\/fr\/heures-de-contact-et-douverture\/#breadcrumb"},"inLanguage":"fr-FR","potentialAction":[{"@type":"ReadAction","target":["https:\/\/www.vanmeenen.com\/fr\/heures-de-contact-et-douverture\/"]}]},{"@type":"BreadcrumbList","@id":"https:\/\/www.vanmeenen.com\/fr\/heures-de-contact-et-douverture\/#breadcrumb","itemListElement":[{"@type":"ListItem","position":1,"name":"Home","item":"https:\/\/www.vanmeenen.com\/fr\/"},{"@type":"ListItem","position":2,"name":"Contactez nous"}]},{"@type":"WebSite","@id":"https:\/\/www.vanmeenen.com\/fr\/#website","url":"https:\/\/www.vanmeenen.com\/fr\/","name":"LPG - CNG - \u26a1 Van Meenen","description":"Powering vehicles and buildings with LPG, CNG, batteries and solar","publisher":{"@id":"https:\/\/www.vanmeenen.com\/fr\/#organization"},"potentialAction":[{"@type":"SearchAction","target":{"@type":"EntryPoint","urlTemplate":"https:\/\/www.vanmeenen.com\/fr\/?s={search_term_string}"},"query-input":{"@type":"PropertyValueSpecification","valueRequired":true,"valueName":"search_term_string"}}],"inLanguage":"fr-FR"},{"@type":"Organization","@id":"https:\/\/www.vanmeenen.com\/fr\/#organization","name":"LPG-CNG Van Meenen","url":"https:\/\/www.vanmeenen.com\/fr\/","logo":{"@type":"ImageObject","inLanguage":"fr-FR","@id":"https:\/\/www.vanmeenen.com\/fr\/#\/schema\/logo\/image\/","url":"https:\/\/www.vanmeenen.com\/wp-content\/uploads\/2020\/04\/logo_sm.png","contentUrl":"https:\/\/www.vanmeenen.com\/wp-content\/uploads\/2020\/04\/logo_sm.png","width":98,"height":70,"caption":"LPG-CNG Van Meenen"},"image":{"@id":"https:\/\/www.vanmeenen.com\/fr\/#\/schema\/logo\/image\/"},"sameAs":["https:\/\/www.facebook.com\/lpgvanmeenen\/","https:\/\/x.com\/ivesvanmeenen"]}]}},"_links":{"self":[{"href":"https:\/\/www.vanmeenen.com\/fr\/wp-json\/wp\/v2\/pages\/4311","targetHints":{"allow":["GET"]}}],"collection":[{"href":"https:\/\/www.vanmeenen.com\/fr\/wp-json\/wp\/v2\/pages"}],"about":[{"href":"https:\/\/www.vanmeenen.com\/fr\/wp-json\/wp\/v2\/types\/page"}],"author":[{"embeddable":true,"href":"https:\/\/www.vanmeenen.com\/fr\/wp-json\/wp\/v2\/users\/1"}],"replies":[{"embeddable":true,"href":"https:\/\/www.vanmeenen.com\/fr\/wp-json\/wp\/v2\/comments?post=4311"}],"version-history":[{"count":0,"href":"https:\/\/www.vanmeenen.com\/fr\/wp-json\/wp\/v2\/pages\/4311\/revisions"}],"wp:attachment":[{"href":"https:\/\/www.vanmeenen.com\/fr\/wp-json\/wp\/v2\/media?parent=4311"}],"curies":[{"name":"wp","href":"https:\/\/api.w.org\/{rel}","templated":true}]}}